{"id":2446,"date":"2019-03-15T13:13:17","date_gmt":"2019-03-15T12:13:17","guid":{"rendered":"https:\/\/www.goelba.it\/blog\/?page_id=2446"},"modified":"2019-07-11T12:44:38","modified_gmt":"2019-07-11T10:44:38","slug":"marina-di-campo-7-appartamenti","status":"publish","type":"page","link":"https:\/\/www.goelba.it\/blog\/marina-di-campo-7-appartamenti\/","title":{"rendered":"Marina di Campo: 7 Appartamenti"},"content":{"rendered":"<p><img loading=\"lazy\" decoding=\"async\" class=\"aligncenter size-full wp-image-2126\" src=\"https:\/\/www.goelba.it\/blog\/wp-content\/uploads\/2014\/10\/700x360_marina-di-campo-spiaggia.jpg\" alt=\"marina di campo spiaggia\" width=\"700\" height=\"360\" srcset=\"https:\/\/www.goelba.it\/blog\/wp-content\/uploads\/2014\/10\/700x360_marina-di-campo-spiaggia.jpg 700w, https:\/\/www.goelba.it\/blog\/wp-content\/uploads\/2014\/10\/700x360_marina-di-campo-spiaggia-350x180.jpg 350w\" sizes=\"auto, (max-width: 700px) 100vw, 700px\" \/><\/p>\n<p>&nbsp;<\/p>\n<div class=\"container \">\n<div class=\"row\">\n<div class=\"col-12 agri\">\n<div class=\"col-12\">\n<p style=\"text-align: center;\"><span style=\"font-size: 20px; color: #000000; font-family: arial, helvetica, sans-serif;\"><strong>Marina di Campo \u00e8 la localit\u00e0 turistica pi\u00f9 richiesta dell\u2019isola d\u2019Elba.<\/strong><\/span><\/p>\n<p style=\"text-align: left;\"><span style=\"font-size: 20px; color: #000000; font-family: arial, helvetica, sans-serif;\">1. Spiaggia in sabbia pi\u00f9 grande dell\u2019isola.<\/span><br \/>\n<span style=\"font-size: 20px; color: #000000; font-family: arial, helvetica, sans-serif;\">2. Il paese e la spiaggia sono un tutt\u2019uno e questa \u00e8 una bella comodit\u00e0.<\/span><br \/>\n<span style=\"font-size: 20px; color: #000000; font-family: arial, helvetica, sans-serif;\">3. Si trova al centro dell\u2019isola a pochi minuti d\u2019auto da qualunque altra destinazione.<\/span><\/p>\n<p><strong><span style=\"font-size: 20px; color: #000000; font-family: arial, helvetica, sans-serif;\">Anche i prezzi sono i pi\u00f9 alti dell\u2019isola.<br \/>\n<\/span><\/strong><br \/>\n<span style=\"font-size: 20px; color: #000000; font-family: arial, helvetica, sans-serif;\">Con <span style=\"text-decoration: underline;\"><strong><span style=\"color: #00ccff; text-decoration: underline;\"><em><a style=\"color: #00ccff; text-decoration: underline;\" href=\"https:\/\/www.goelba.it\/appartamenti\/marina-di-campo\/\">goelba.it<\/a><\/em><\/span><\/strong><\/span> trovi un\u2019ampia gamma di appartamenti a Marina di Campo,<br \/>\n<\/span><span style=\"font-size: 20px; color: #000000; font-family: arial, helvetica, sans-serif;\">ma sistematicamente\u00a0<strong>tutti gli anni, le richieste superano la nostra disponibilit\u00e0.<br \/>\n<\/strong><\/span><br \/>\n<span style=\"font-size: 20px; color: #000000; font-family: arial, helvetica, sans-serif;\">Quest\u2019anno abbiamo deciso di gestire\u00a0<strong><span style=\"color: #ff0000;\">sette nuovi appartamenti\u00a0<\/span><br \/>\n<\/strong>(monolocali, con una camera, con due camere)\u00a0<strong>a <span style=\"color: #ff0000;\">prezzi abbordabili<\/span>, dai quali si pu\u00f2 andare sulla spiaggia e in paese a piedi in 8\/10 minuti, in zone residenziali fuori dal rumore e dalla confusione.<\/strong><\/span><\/p>\n<p><span style=\"font-size: 24px; color: #ff0000;\">===&gt; <span style=\"color: #000000;\">Telefona<\/span> <strong>0565 963006<\/strong> <span style=\"color: #000000;\">o invia una mail<\/span> <strong>info@goelba.it<\/strong> <span style=\"color: #000000;\">per informazioni<\/span><\/span><\/p>\n<p style=\"text-align: justify;\"><span style=\"font-size: 20px; color: #000000; font-family: arial, helvetica, sans-serif;\">Sono appartamenti spaziosi e ben arredati, puliti, con spazio esterno per mangiare all\u2019aperto, posto auto,\u00a0 quando necessario sono dotati di aria condizionata, adatti a famiglie con bambini, mentre i monolocali li consigliamo alle coppie.\u00a0<\/span><br \/>\n<span style=\"font-size: 20px; color: #000000; font-family: arial, helvetica, sans-serif;\">Insomma\u00a0<strong>potrai fare una bella vacanza senza che ti manchi niente<\/strong>.<\/span><\/p>\n<p style=\"text-align: justify;\"><span style=\"font-size: 20px; color: #000000; font-family: arial, helvetica, sans-serif;\">Sarai nel centro dell\u2019isola e, secondo come ti gira, potrai scegliere di andare a piedi sulla spiaggia senza usare l\u2019auto, o di esplorare altre destinazioni vicine, come Fetovaia, Cavoli, Procchio a 10 minuti d\u2019auto.<\/span><\/p>\n<\/div>\n<\/div>\n<\/div>\n<div class=\"row\">\n<div class=\"col-12\">\n<div class=\"col-12\" style=\"text-align: justify;\">\n<p><span style=\"font-size: 20px; color: #000000;\">Se non cerchi il lusso, ma vuoi comunque andare a <span style=\"font-size: 24px;\"><strong>Marina di Campo nel confort e spendendo una cifra ragionevole<\/strong><\/span>, senza doverti adattare a situazioni improbabili che non consiglieresti ai tuoi amici, questi appartamenti ti andranno bene di sicuro.<\/span><\/p>\n<p><span style=\"text-decoration: underline; color: #0000ff;\"><span style=\"font-size: 20px;\"><a style=\"color: #0000ff; text-decoration: underline;\" href=\"https:\/\/www.goelba.it\/appartamenti\/marina-di-campo\/arcipelago-pontino\/\"><em>===&gt; Appartamenti con 2 camere. Vedi scheda<\/em><\/a><br \/>\n<\/span><\/span><br \/>\n<a href=\"https:\/\/www.goelba.it\/appartamenti\/marina-di-campo\/la-casetta\/\"><span style=\"text-decoration: underline; color: #0000ff;\"><em><span style=\"font-size: 20px;\">===&gt; Appartamenti con 1 camera e monolocali. Vedi scheda<\/span><\/em><\/span><\/a><\/p>\n<p>&nbsp;<\/p>\n<p><span style=\"font-size: 20px; color: #000000;\">Li abbiamo appena messi in catalogo.<\/span><br \/>\n<span style=\"font-size: 20px; color: #000000;\">Per lanciarli, a chi prenoter\u00e0\u00a0<strong>entro gioved\u00ec 04 aprile<\/strong>, verr\u00e0 applicato:<br \/>\n<\/span><span style=\"font-size: 24px; color: #000000;\">\u00a0<\/span><br \/>\n<span style=\"font-size: 20px; color: #000000;\"><span style=\"font-size: 24px;\"><span style=\"color: #ff0000;\"><strong>sconto 10%<\/strong><\/span>\u00a0<\/span>sul prezzo di listino per la prima settimana.<br \/>\n<\/span><br \/>\n<span style=\"font-size: 20px; color: #000000;\"><span style=\"font-size: 24px;\"><strong><span style=\"color: #ff0000;\">sconto 15%<\/span>\u00a0<\/strong><\/span>sulle ulteriori settimane o sul secondo appartamento affittato (puoi proporlo a un\u2019altra famiglia\u2026).<br \/>\n<\/span><br \/>\n<span style=\"font-size: 20px; color: #000000;\"><span style=\"font-size: 24px;\"><strong><span style=\"color: #ff0000;\">Sconto del 30%<\/span>\u00a0<\/strong><\/span>sulla polizza assicurativa facoltativa contro l\u2019annullamento della prenotazione.<br \/>\n<\/span><br \/>\n<span style=\"font-size: 20px; color: #000000;\"><span style=\"color: #ff0000;\"><span style=\"font-size: 24px;\"><strong>Biglietto del traghetto<\/strong><\/span>\u00a0<\/span>potrai farlo direttamente con noi a prezzo convenzionato, introvabile da qualsiasi altra parte, naturalmente con le migliori compagnie.<br \/>\n<\/span><\/p>\n<p><span style=\"font-size: 20px; color: #ff0000;\"><a style=\"color: #ff0000;\" href=\"mailto:info@goelba.it?subject=7%20appartamenti%20in%20offerta%20a%20Marina%20di%20Campo\"><em><strong>===&gt; Voglio saperne di pi\u00f9! Clicca e inviaci una mail.<\/strong><\/em><\/a><\/span><\/p>\n<p><span style=\"font-size: 20px; color: #000000;\">Come sempre mettiamo una scadenza piuttosto lunga all\u2019offerta\u00a0<strong>(04 aprile)\u00a0<\/strong>per dare l\u2019opportunit\u00e0 di poter organizzare le ferie e tutto il resto, ma non dimenticare che pi\u00f9 tardi prenoti, meno probabile che trovi \u201cl\u2019abito su misura\u201d.<\/span><\/p>\n<\/div>\n<\/div>\n<\/div>\n<\/div>\n","protected":false},"excerpt":{"rendered":"<p>&nbsp; Marina di Campo \u00e8 la localit\u00e0 turistica pi\u00f9 richiesta dell\u2019isola d\u2019Elba. 1. Spiaggia in sabbia pi\u00f9 grande dell\u2019isola. 2. Il paese e la spiaggia sono un tutt\u2019uno e questa \u00e8 una bella comodit\u00e0. 3. Si trova al centro dell\u2019isola a pochi minuti d\u2019auto da qualunque altra destinazione. Anche i prezzi sono i pi\u00f9 alti [&hellip;]<\/p>\n","protected":false},"author":2,"featured_media":0,"parent":0,"menu_order":0,"comment_status":"closed","ping_status":"closed","template":"","meta":{"_acf_changed":false,"footnotes":""},"class_list":["post-2446","page","type-page","status-publish","hentry"],"acf":[],"yoast_head":"<!-- This site is optimized with the Yoast SEO plugin v24.8.1 - https:\/\/yoast.com\/wordpress\/plugins\/seo\/ -->\n<title>Marina di Campo: 7 Appartamenti - Goelba.it<\/title>\n<meta name=\"robots\" content=\"index, follow, max-snippet:-1, max-image-preview:large, max-video-preview:-1\" \/>\n<link rel=\"canonical\" href=\"https:\/\/www.goelba.it\/blog\/marina-di-campo-7-appartamenti\/\" \/>\n<meta property=\"og:locale\" content=\"it_IT\" \/>\n<meta property=\"og:type\" content=\"article\" \/>\n<meta property=\"og:title\" content=\"Marina di Campo: 7 Appartamenti - Goelba.it\" \/>\n<meta property=\"og:description\" content=\"&nbsp; Marina di Campo \u00e8 la localit\u00e0 turistica pi\u00f9 richiesta dell\u2019isola d\u2019Elba. 1. Spiaggia in sabbia pi\u00f9 grande dell\u2019isola. 2. Il paese e la spiaggia sono un tutt\u2019uno e questa \u00e8 una bella comodit\u00e0. 3. Si trova al centro dell\u2019isola a pochi minuti d\u2019auto da qualunque altra destinazione. Anche i prezzi sono i pi\u00f9 alti [&hellip;]\" \/>\n<meta property=\"og:url\" content=\"https:\/\/www.goelba.it\/blog\/marina-di-campo-7-appartamenti\/\" \/>\n<meta property=\"og:site_name\" content=\"Goelba.it\" \/>\n<meta property=\"article:modified_time\" content=\"2019-07-11T10:44:38+00:00\" \/>\n<meta property=\"og:image\" content=\"https:\/\/www.goelba.it\/blog\/wp-content\/uploads\/2014\/10\/700x360_marina-di-campo-spiaggia.jpg\" \/>\n<meta name=\"twitter:card\" content=\"summary_large_image\" \/>\n<meta name=\"twitter:label1\" content=\"Tempo di lettura stimato\" \/>\n\t<meta name=\"twitter:data1\" content=\"2 minuti\" \/>\n<script type=\"application\/ld+json\" class=\"yoast-schema-graph\">{\"@context\":\"https:\/\/schema.org\",\"@graph\":[{\"@type\":\"WebPage\",\"@id\":\"https:\/\/www.goelba.it\/blog\/marina-di-campo-7-appartamenti\/\",\"url\":\"https:\/\/www.goelba.it\/blog\/marina-di-campo-7-appartamenti\/\",\"name\":\"Marina di Campo: 7 Appartamenti - Goelba.it\",\"isPartOf\":{\"@id\":\"https:\/\/www.goelba.it\/blog\/#website\"},\"primaryImageOfPage\":{\"@id\":\"https:\/\/www.goelba.it\/blog\/marina-di-campo-7-appartamenti\/#primaryimage\"},\"image\":{\"@id\":\"https:\/\/www.goelba.it\/blog\/marina-di-campo-7-appartamenti\/#primaryimage\"},\"thumbnailUrl\":\"https:\/\/www.goelba.it\/blog\/wp-content\/uploads\/2014\/10\/700x360_marina-di-campo-spiaggia.jpg\",\"datePublished\":\"2019-03-15T12:13:17+00:00\",\"dateModified\":\"2019-07-11T10:44:38+00:00\",\"breadcrumb\":{\"@id\":\"https:\/\/www.goelba.it\/blog\/marina-di-campo-7-appartamenti\/#breadcrumb\"},\"inLanguage\":\"it-IT\",\"potentialAction\":[{\"@type\":\"ReadAction\",\"target\":[\"https:\/\/www.goelba.it\/blog\/marina-di-campo-7-appartamenti\/\"]}]},{\"@type\":\"ImageObject\",\"inLanguage\":\"it-IT\",\"@id\":\"https:\/\/www.goelba.it\/blog\/marina-di-campo-7-appartamenti\/#primaryimage\",\"url\":\"https:\/\/www.goelba.it\/blog\/wp-content\/uploads\/2014\/10\/700x360_marina-di-campo-spiaggia.jpg\",\"contentUrl\":\"https:\/\/www.goelba.it\/blog\/wp-content\/uploads\/2014\/10\/700x360_marina-di-campo-spiaggia.jpg\",\"width\":700,\"height\":360,\"caption\":\"marina di campo spiaggia\"},{\"@type\":\"BreadcrumbList\",\"@id\":\"https:\/\/www.goelba.it\/blog\/marina-di-campo-7-appartamenti\/#breadcrumb\",\"itemListElement\":[{\"@type\":\"ListItem\",\"position\":1,\"name\":\"Home\",\"item\":\"https:\/\/www.goelba.it\/blog\/\"},{\"@type\":\"ListItem\",\"position\":2,\"name\":\"Marina di Campo: 7 Appartamenti\"}]},{\"@type\":\"WebSite\",\"@id\":\"https:\/\/www.goelba.it\/blog\/#website\",\"url\":\"https:\/\/www.goelba.it\/blog\/\",\"name\":\"Goelba.it\",\"description\":\"Quello che c&#039;\u00e8 da sapere per vacanze all&#039;isola d&#039;Elba\",\"publisher\":{\"@id\":\"https:\/\/www.goelba.it\/blog\/#organization\"},\"potentialAction\":[{\"@type\":\"SearchAction\",\"target\":{\"@type\":\"EntryPoint\",\"urlTemplate\":\"https:\/\/www.goelba.it\/blog\/?s={search_term_string}\"},\"query-input\":{\"@type\":\"PropertyValueSpecification\",\"valueRequired\":true,\"valueName\":\"search_term_string\"}}],\"inLanguage\":\"it-IT\"},{\"@type\":\"Organization\",\"@id\":\"https:\/\/www.goelba.it\/blog\/#organization\",\"name\":\"GoElba\",\"url\":\"https:\/\/www.goelba.it\/blog\/\",\"logo\":{\"@type\":\"ImageObject\",\"inLanguage\":\"it-IT\",\"@id\":\"https:\/\/www.goelba.it\/blog\/#\/schema\/logo\/image\/\",\"url\":\"https:\/\/www.goelba.it\/blog\/wp-content\/uploads\/2019\/07\/logo.png\",\"contentUrl\":\"https:\/\/www.goelba.it\/blog\/wp-content\/uploads\/2019\/07\/logo.png\",\"width\":394,\"height\":150,\"caption\":\"GoElba\"},\"image\":{\"@id\":\"https:\/\/www.goelba.it\/blog\/#\/schema\/logo\/image\/\"}}]}<\/script>\n<!-- \/ Yoast SEO plugin. -->","yoast_head_json":{"title":"Marina di Campo: 7 Appartamenti - Goelba.it","robots":{"index":"index","follow":"follow","max-snippet":"max-snippet:-1","max-image-preview":"max-image-preview:large","max-video-preview":"max-video-preview:-1"},"canonical":"https:\/\/www.goelba.it\/blog\/marina-di-campo-7-appartamenti\/","og_locale":"it_IT","og_type":"article","og_title":"Marina di Campo: 7 Appartamenti - Goelba.it","og_description":"&nbsp; Marina di Campo \u00e8 la localit\u00e0 turistica pi\u00f9 richiesta dell\u2019isola d\u2019Elba. 1. Spiaggia in sabbia pi\u00f9 grande dell\u2019isola. 2. Il paese e la spiaggia sono un tutt\u2019uno e questa \u00e8 una bella comodit\u00e0. 3. Si trova al centro dell\u2019isola a pochi minuti d\u2019auto da qualunque altra destinazione. Anche i prezzi sono i pi\u00f9 alti [&hellip;]","og_url":"https:\/\/www.goelba.it\/blog\/marina-di-campo-7-appartamenti\/","og_site_name":"Goelba.it","article_modified_time":"2019-07-11T10:44:38+00:00","og_image":[{"url":"https:\/\/www.goelba.it\/blog\/wp-content\/uploads\/2014\/10\/700x360_marina-di-campo-spiaggia.jpg","type":"","width":"","height":""}],"twitter_card":"summary_large_image","twitter_misc":{"Tempo di lettura stimato":"2 minuti"},"schema":{"@context":"https:\/\/schema.org","@graph":[{"@type":"WebPage","@id":"https:\/\/www.goelba.it\/blog\/marina-di-campo-7-appartamenti\/","url":"https:\/\/www.goelba.it\/blog\/marina-di-campo-7-appartamenti\/","name":"Marina di Campo: 7 Appartamenti - Goelba.it","isPartOf":{"@id":"https:\/\/www.goelba.it\/blog\/#website"},"primaryImageOfPage":{"@id":"https:\/\/www.goelba.it\/blog\/marina-di-campo-7-appartamenti\/#primaryimage"},"image":{"@id":"https:\/\/www.goelba.it\/blog\/marina-di-campo-7-appartamenti\/#primaryimage"},"thumbnailUrl":"https:\/\/www.goelba.it\/blog\/wp-content\/uploads\/2014\/10\/700x360_marina-di-campo-spiaggia.jpg","datePublished":"2019-03-15T12:13:17+00:00","dateModified":"2019-07-11T10:44:38+00:00","breadcrumb":{"@id":"https:\/\/www.goelba.it\/blog\/marina-di-campo-7-appartamenti\/#breadcrumb"},"inLanguage":"it-IT","potentialAction":[{"@type":"ReadAction","target":["https:\/\/www.goelba.it\/blog\/marina-di-campo-7-appartamenti\/"]}]},{"@type":"ImageObject","inLanguage":"it-IT","@id":"https:\/\/www.goelba.it\/blog\/marina-di-campo-7-appartamenti\/#primaryimage","url":"https:\/\/www.goelba.it\/blog\/wp-content\/uploads\/2014\/10\/700x360_marina-di-campo-spiaggia.jpg","contentUrl":"https:\/\/www.goelba.it\/blog\/wp-content\/uploads\/2014\/10\/700x360_marina-di-campo-spiaggia.jpg","width":700,"height":360,"caption":"marina di campo spiaggia"},{"@type":"BreadcrumbList","@id":"https:\/\/www.goelba.it\/blog\/marina-di-campo-7-appartamenti\/#breadcrumb","itemListElement":[{"@type":"ListItem","position":1,"name":"Home","item":"https:\/\/www.goelba.it\/blog\/"},{"@type":"ListItem","position":2,"name":"Marina di Campo: 7 Appartamenti"}]},{"@type":"WebSite","@id":"https:\/\/www.goelba.it\/blog\/#website","url":"https:\/\/www.goelba.it\/blog\/","name":"Goelba.it","description":"Quello che c&#039;\u00e8 da sapere per vacanze all&#039;isola d&#039;Elba","publisher":{"@id":"https:\/\/www.goelba.it\/blog\/#organization"},"potentialAction":[{"@type":"SearchAction","target":{"@type":"EntryPoint","urlTemplate":"https:\/\/www.goelba.it\/blog\/?s={search_term_string}"},"query-input":{"@type":"PropertyValueSpecification","valueRequired":true,"valueName":"search_term_string"}}],"inLanguage":"it-IT"},{"@type":"Organization","@id":"https:\/\/www.goelba.it\/blog\/#organization","name":"GoElba","url":"https:\/\/www.goelba.it\/blog\/","logo":{"@type":"ImageObject","inLanguage":"it-IT","@id":"https:\/\/www.goelba.it\/blog\/#\/schema\/logo\/image\/","url":"https:\/\/www.goelba.it\/blog\/wp-content\/uploads\/2019\/07\/logo.png","contentUrl":"https:\/\/www.goelba.it\/blog\/wp-content\/uploads\/2019\/07\/logo.png","width":394,"height":150,"caption":"GoElba"},"image":{"@id":"https:\/\/www.goelba.it\/blog\/#\/schema\/logo\/image\/"}}]}},"_links":{"self":[{"href":"https:\/\/www.goelba.it\/blog\/wp-json\/wp\/v2\/pages\/2446","targetHints":{"allow":["GET"]}}],"collection":[{"href":"https:\/\/www.goelba.it\/blog\/wp-json\/wp\/v2\/pages"}],"about":[{"href":"https:\/\/www.goelba.it\/blog\/wp-json\/wp\/v2\/types\/page"}],"author":[{"embeddable":true,"href":"https:\/\/www.goelba.it\/blog\/wp-json\/wp\/v2\/users\/2"}],"replies":[{"embeddable":true,"href":"https:\/\/www.goelba.it\/blog\/wp-json\/wp\/v2\/comments?post=2446"}],"version-history":[{"count":0,"href":"https:\/\/www.goelba.it\/blog\/wp-json\/wp\/v2\/pages\/2446\/revisions"}],"wp:attachment":[{"href":"https:\/\/www.goelba.it\/blog\/wp-json\/wp\/v2\/media?parent=2446"}],"curies":[{"name":"wp","href":"https:\/\/api.w.org\/{rel}","templated":true}]}}