{"id":2,"date":"2014-03-14T15:00:43","date_gmt":"2014-03-14T14:00:43","guid":{"rendered":"https:\/\/www.goelba.it\/blog\/?page_id=2"},"modified":"2019-07-04T09:36:21","modified_gmt":"2019-07-04T07:36:21","slug":"home-2","status":"publish","type":"page","link":"https:\/\/www.goelba.it\/blog\/","title":{"rendered":"Home"},"content":{"rendered":"<p>Seguiteci nel viaggio sulla terza isola italiana. Vi faremo scoprire molti aspetti dell&#8217;isola d&#8217;Elba che non immaginavate, troverete informazioni utili e concrete su cosa fare e dove andare, vi farete un&#8217;idea di come organizzare la vostra vacanza su questa dolce terra tra il verde della macchia mediterranea ed il blu del mare. Vi invitiamo ad essere viaggiatori partecipi e consapevoli di un piccolo paradiso vicino casa. Noi ci viviamo e ci lavoriamo tutto l&#8217;anno, per noi la bellezza e la dolcezza di questa isola \u00e8 fonte di piacere e di sussistenza ed \u00e8 nostro desiderio contribuire a mantenerla integra rendendola sempre pi\u00f9 accogliente.<\/p>\n","protected":false},"excerpt":{"rendered":"<p>Seguiteci nel viaggio sulla terza isola italiana. Vi faremo scoprire molti aspetti dell&#8217;isola d&#8217;Elba che non immaginavate, troverete informazioni utili e concrete su cosa fare e dove andare, vi farete un&#8217;idea di come organizzare la vostra vacanza su questa dolce terra tra il verde della macchia mediterranea ed il blu del mare. Vi invitiamo ad [&hellip;]<\/p>\n","protected":false},"author":1,"featured_media":0,"parent":0,"menu_order":0,"comment_status":"closed","ping_status":"open","template":"template_home.php","meta":{"_acf_changed":false,"footnotes":""},"class_list":["post-2","page","type-page","status-publish","hentry"],"acf":[],"yoast_head":"<!-- This site is optimized with the Yoast SEO plugin v24.8.1 - https:\/\/yoast.com\/wordpress\/plugins\/seo\/ -->\n<title>Goelba.it Blog | Vacanze all&#039;Isola d&#039;Elba: info e curiosit\u00e0<\/title>\n<meta name=\"description\" content=\"Quello che c&#039;\u00e8 da sapere per le tue vacanze all&#039;Isola d&#039;Elba. Consigli ed istruzioni d&#039;uso da chi vive ogni giorno questa bellissima isola.\" \/>\n<meta name=\"robots\" content=\"index, follow, max-snippet:-1, max-image-preview:large, max-video-preview:-1\" \/>\n<link rel=\"canonical\" href=\"https:\/\/www.goelba.it\/blog\/\" \/>\n<meta property=\"og:locale\" content=\"it_IT\" \/>\n<meta property=\"og:type\" content=\"article\" \/>\n<meta property=\"og:title\" content=\"Goelba.it Blog | Vacanze all&#039;Isola d&#039;Elba: info e curiosit\u00e0\" \/>\n<meta property=\"og:description\" content=\"Quello che c&#039;\u00e8 da sapere per le tue vacanze all&#039;Isola d&#039;Elba. Consigli ed istruzioni d&#039;uso da chi vive ogni giorno questa bellissima isola.\" \/>\n<meta property=\"og:url\" content=\"https:\/\/www.goelba.it\/blog\/\" \/>\n<meta property=\"og:site_name\" content=\"Goelba.it\" \/>\n<meta property=\"article:modified_time\" content=\"2019-07-04T07:36:21+00:00\" \/>\n<meta name=\"twitter:card\" content=\"summary_large_image\" \/>\n<meta name=\"twitter:label1\" content=\"Tempo di lettura stimato\" \/>\n\t<meta name=\"twitter:data1\" content=\"1 minuto\" \/>\n<script type=\"application\/ld+json\" class=\"yoast-schema-graph\">{\"@context\":\"https:\/\/schema.org\",\"@graph\":[{\"@type\":\"WebPage\",\"@id\":\"https:\/\/www.goelba.it\/blog\/\",\"url\":\"https:\/\/www.goelba.it\/blog\/\",\"name\":\"Goelba.it Blog | Vacanze all'Isola d'Elba: info e curiosit\u00e0\",\"isPartOf\":{\"@id\":\"https:\/\/www.goelba.it\/blog\/#website\"},\"datePublished\":\"2014-03-14T14:00:43+00:00\",\"dateModified\":\"2019-07-04T07:36:21+00:00\",\"description\":\"Quello che c'\u00e8 da sapere per le tue vacanze all'Isola d'Elba. Consigli ed istruzioni d'uso da chi vive ogni giorno questa bellissima isola.\",\"breadcrumb\":{\"@id\":\"https:\/\/www.goelba.it\/blog\/#breadcrumb\"},\"inLanguage\":\"it-IT\",\"potentialAction\":[{\"@type\":\"ReadAction\",\"target\":[\"https:\/\/www.goelba.it\/blog\/\"]}]},{\"@type\":\"BreadcrumbList\",\"@id\":\"https:\/\/www.goelba.it\/blog\/#breadcrumb\",\"itemListElement\":[{\"@type\":\"ListItem\",\"position\":1,\"name\":\"Home\",\"item\":\"https:\/\/www.goelba.it\/blog\/\"},{\"@type\":\"ListItem\",\"position\":2,\"name\":\"Home\"}]},{\"@type\":\"WebSite\",\"@id\":\"https:\/\/www.goelba.it\/blog\/#website\",\"url\":\"https:\/\/www.goelba.it\/blog\/\",\"name\":\"Goelba.it\",\"description\":\"Quello che c&#039;\u00e8 da sapere per vacanze all&#039;isola d&#039;Elba\",\"publisher\":{\"@id\":\"https:\/\/www.goelba.it\/blog\/#organization\"},\"potentialAction\":[{\"@type\":\"SearchAction\",\"target\":{\"@type\":\"EntryPoint\",\"urlTemplate\":\"https:\/\/www.goelba.it\/blog\/?s={search_term_string}\"},\"query-input\":{\"@type\":\"PropertyValueSpecification\",\"valueRequired\":true,\"valueName\":\"search_term_string\"}}],\"inLanguage\":\"it-IT\"},{\"@type\":\"Organization\",\"@id\":\"https:\/\/www.goelba.it\/blog\/#organization\",\"name\":\"GoElba\",\"url\":\"https:\/\/www.goelba.it\/blog\/\",\"logo\":{\"@type\":\"ImageObject\",\"inLanguage\":\"it-IT\",\"@id\":\"https:\/\/www.goelba.it\/blog\/#\/schema\/logo\/image\/\",\"url\":\"https:\/\/www.goelba.it\/blog\/wp-content\/uploads\/2019\/07\/logo.png\",\"contentUrl\":\"https:\/\/www.goelba.it\/blog\/wp-content\/uploads\/2019\/07\/logo.png\",\"width\":394,\"height\":150,\"caption\":\"GoElba\"},\"image\":{\"@id\":\"https:\/\/www.goelba.it\/blog\/#\/schema\/logo\/image\/\"}}]}<\/script>\n<!-- \/ Yoast SEO plugin. -->","yoast_head_json":{"title":"Goelba.it Blog | Vacanze all'Isola d'Elba: info e curiosit\u00e0","description":"Quello che c'\u00e8 da sapere per le tue vacanze all'Isola d'Elba. Consigli ed istruzioni d'uso da chi vive ogni giorno questa bellissima isola.","robots":{"index":"index","follow":"follow","max-snippet":"max-snippet:-1","max-image-preview":"max-image-preview:large","max-video-preview":"max-video-preview:-1"},"canonical":"https:\/\/www.goelba.it\/blog\/","og_locale":"it_IT","og_type":"article","og_title":"Goelba.it Blog | Vacanze all'Isola d'Elba: info e curiosit\u00e0","og_description":"Quello che c'\u00e8 da sapere per le tue vacanze all'Isola d'Elba. Consigli ed istruzioni d'uso da chi vive ogni giorno questa bellissima isola.","og_url":"https:\/\/www.goelba.it\/blog\/","og_site_name":"Goelba.it","article_modified_time":"2019-07-04T07:36:21+00:00","twitter_card":"summary_large_image","twitter_misc":{"Tempo di lettura stimato":"1 minuto"},"schema":{"@context":"https:\/\/schema.org","@graph":[{"@type":"WebPage","@id":"https:\/\/www.goelba.it\/blog\/","url":"https:\/\/www.goelba.it\/blog\/","name":"Goelba.it Blog | Vacanze all'Isola d'Elba: info e curiosit\u00e0","isPartOf":{"@id":"https:\/\/www.goelba.it\/blog\/#website"},"datePublished":"2014-03-14T14:00:43+00:00","dateModified":"2019-07-04T07:36:21+00:00","description":"Quello che c'\u00e8 da sapere per le tue vacanze all'Isola d'Elba. Consigli ed istruzioni d'uso da chi vive ogni giorno questa bellissima isola.","breadcrumb":{"@id":"https:\/\/www.goelba.it\/blog\/#breadcrumb"},"inLanguage":"it-IT","potentialAction":[{"@type":"ReadAction","target":["https:\/\/www.goelba.it\/blog\/"]}]},{"@type":"BreadcrumbList","@id":"https:\/\/www.goelba.it\/blog\/#breadcrumb","itemListElement":[{"@type":"ListItem","position":1,"name":"Home","item":"https:\/\/www.goelba.it\/blog\/"},{"@type":"ListItem","position":2,"name":"Home"}]},{"@type":"WebSite","@id":"https:\/\/www.goelba.it\/blog\/#website","url":"https:\/\/www.goelba.it\/blog\/","name":"Goelba.it","description":"Quello che c&#039;\u00e8 da sapere per vacanze all&#039;isola d&#039;Elba","publisher":{"@id":"https:\/\/www.goelba.it\/blog\/#organization"},"potentialAction":[{"@type":"SearchAction","target":{"@type":"EntryPoint","urlTemplate":"https:\/\/www.goelba.it\/blog\/?s={search_term_string}"},"query-input":{"@type":"PropertyValueSpecification","valueRequired":true,"valueName":"search_term_string"}}],"inLanguage":"it-IT"},{"@type":"Organization","@id":"https:\/\/www.goelba.it\/blog\/#organization","name":"GoElba","url":"https:\/\/www.goelba.it\/blog\/","logo":{"@type":"ImageObject","inLanguage":"it-IT","@id":"https:\/\/www.goelba.it\/blog\/#\/schema\/logo\/image\/","url":"https:\/\/www.goelba.it\/blog\/wp-content\/uploads\/2019\/07\/logo.png","contentUrl":"https:\/\/www.goelba.it\/blog\/wp-content\/uploads\/2019\/07\/logo.png","width":394,"height":150,"caption":"GoElba"},"image":{"@id":"https:\/\/www.goelba.it\/blog\/#\/schema\/logo\/image\/"}}]}},"_links":{"self":[{"href":"https:\/\/www.goelba.it\/blog\/wp-json\/wp\/v2\/pages\/2","targetHints":{"allow":["GET"]}}],"collection":[{"href":"https:\/\/www.goelba.it\/blog\/wp-json\/wp\/v2\/pages"}],"about":[{"href":"https:\/\/www.goelba.it\/blog\/wp-json\/wp\/v2\/types\/page"}],"author":[{"embeddable":true,"href":"https:\/\/www.goelba.it\/blog\/wp-json\/wp\/v2\/users\/1"}],"replies":[{"embeddable":true,"href":"https:\/\/www.goelba.it\/blog\/wp-json\/wp\/v2\/comments?post=2"}],"version-history":[{"count":0,"href":"https:\/\/www.goelba.it\/blog\/wp-json\/wp\/v2\/pages\/2\/revisions"}],"wp:attachment":[{"href":"https:\/\/www.goelba.it\/blog\/wp-json\/wp\/v2\/media?parent=2"}],"curies":[{"name":"wp","href":"https:\/\/api.w.org\/{rel}","templated":true}]}}